{"id":3038,"date":"2024-09-06T14:17:23","date_gmt":"2024-09-06T11:17:23","guid":{"rendered":"https:\/\/bbqhousegalle.fi\/group-reservations\/"},"modified":"2024-09-06T14:20:14","modified_gmt":"2024-09-06T11:20:14","slug":"group-reservations","status":"publish","type":"page","link":"https:\/\/bbqhousegalle.fi\/en\/group-reservations\/","title":{"rendered":"Group reservations"},"content":{"rendered":"\t\t<div data-elementor-type=\"wp-page\" data-elementor-id=\"3038\" class=\"elementor elementor-3038 elementor-3033\" data-elementor-post-type=\"page\">\n\t\t\t\t\t\t<section class=\"elementor-section elementor-top-section elementor-element elementor-element-f90c245 elementor-section-height-min-height elementor-section-boxed elementor-section-height-default elementor-section-items-middle\" data-id=\"f90c245\" data-element_type=\"section\" data-e-type=\"section\" data-settings=\"{&quot;background_background&quot;:&quot;classic&quot;}\">\n\t\t\t\t\t\t\t<div class=\"elementor-background-overlay\"><\/div>\n\t\t\t\t\t\t\t<div class=\"elementor-container elementor-column-gap-default\">\n\t\t\t\t\t<div class=\"elementor-column elementor-col-100 elementor-top-column elementor-element elementor-element-395802f\" data-id=\"395802f\" data-element_type=\"column\" data-e-type=\"column\">\n\t\t\t<div class=\"elementor-widget-wrap elementor-element-populated\">\n\t\t\t\t\t\t<div class=\"elementor-element elementor-element-ea30fe5 elementor-widget elementor-widget-heading\" data-id=\"ea30fe5\" data-element_type=\"widget\" data-e-type=\"widget\" data-widget_type=\"heading.default\">\n\t\t\t\t\t<h1 class=\"elementor-heading-title elementor-size-default\">Group reservations<\/h1>\t\t\t\t<\/div>\n\t\t\t\t\t<\/div>\n\t\t<\/div>\n\t\t\t\t\t<\/div>\n\t\t<\/section>\n\t\t\t\t<section class=\"elementor-section elementor-top-section elementor-element elementor-element-0c30400 elementor-section-boxed elementor-section-height-default elementor-section-height-default\" data-id=\"0c30400\" data-element_type=\"section\" data-e-type=\"section\" data-settings=\"{&quot;background_background&quot;:&quot;classic&quot;}\">\n\t\t\t\t\t\t<div class=\"elementor-container elementor-column-gap-default\">\n\t\t\t\t\t<div class=\"elementor-column elementor-col-100 elementor-top-column elementor-element elementor-element-30fcebb\" data-id=\"30fcebb\" data-element_type=\"column\" data-e-type=\"column\" data-settings=\"{&quot;background_background&quot;:&quot;classic&quot;}\">\n\t\t\t<div class=\"elementor-widget-wrap elementor-element-populated\">\n\t\t\t\t\t\t<div class=\"elementor-element elementor-element-cac22f8 elementor-widget elementor-widget-heading\" data-id=\"cac22f8\" data-element_type=\"widget\" data-e-type=\"widget\" data-widget_type=\"heading.default\">\n\t\t\t\t\t<h2 class=\"elementor-heading-title elementor-size-default\">Request offer<\/h2>\t\t\t\t<\/div>\n\t\t\t\t<div class=\"elementor-element elementor-element-edcf5e2 elementor-widget elementor-widget-heading\" data-id=\"edcf5e2\" data-element_type=\"widget\" data-e-type=\"widget\" data-widget_type=\"heading.default\">\n\t\t\t\t\t<h6 class=\"elementor-heading-title elementor-size-default\">Requests for offers for groups of at least 10 people<\/h6>\t\t\t\t<\/div>\n\t\t\t\t<div class=\"elementor-element elementor-element-86f84d4 elementor-button-align-center elementor-widget elementor-widget-form\" data-id=\"86f84d4\" data-element_type=\"widget\" data-e-type=\"widget\" data-settings=\"{&quot;step_next_label&quot;:&quot;Next&quot;,&quot;step_previous_label&quot;:&quot;Previous&quot;,&quot;button_width&quot;:&quot;100&quot;,&quot;step_type&quot;:&quot;number_text&quot;,&quot;step_icon_shape&quot;:&quot;circle&quot;}\" data-widget_type=\"form.default\">\n\t\t\t\t\t\t\t<form class=\"elementor-form\" method=\"post\" name=\"Tarjouspyynt\u00f6 \u2013\u00a0BBQ &amp; Spirithouse\" aria-label=\"Tarjouspyynt\u00f6 \u2013\u00a0BBQ &amp; Spirithouse\">\n\t\t\t<input type=\"hidden\" name=\"post_id\" value=\"3038\"\/>\n\t\t\t<input type=\"hidden\" name=\"form_id\" value=\"86f84d4\"\/>\n\t\t\t<input type=\"hidden\" name=\"referer_title\" value=\"BBQ &amp; Spirit House Galle\" \/>\n\n\t\t\t\n\t\t\t<div class=\"elementor-form-fields-wrapper elementor-labels-\">\n\t\t\t\t\t\t\t\t<div class=\"elementor-field-type-text elementor-field-group elementor-column elementor-field-group-name elementor-col-50\">\n\t\t\t\t\t\t\t\t\t\t\t\t<label for=\"form-field-name\" class=\"elementor-field-label elementor-screen-only\">\n\t\t\t\t\t\t\t\tNimi\t\t\t\t\t\t\t<\/label>\n\t\t\t\t\t\t\t\t\t\t\t\t\t\t<input size=\"1\" type=\"text\" name=\"form_fields[name]\" id=\"form-field-name\" class=\"elementor-field elementor-size-md  elementor-field-textual\" placeholder=\"Name\">\n\t\t\t\t\t\t\t\t\t\t\t<\/div>\n\t\t\t\t\t\t\t\t<div class=\"elementor-field-type-email elementor-field-group elementor-column elementor-field-group-email elementor-col-50 elementor-field-required\">\n\t\t\t\t\t\t\t\t\t\t\t\t<label for=\"form-field-email\" class=\"elementor-field-label elementor-screen-only\">\n\t\t\t\t\t\t\t\tS\u00e4hk\u00f6posti\t\t\t\t\t\t\t<\/label>\n\t\t\t\t\t\t\t\t\t\t\t\t\t\t<input size=\"1\" type=\"email\" name=\"form_fields[email]\" id=\"form-field-email\" class=\"elementor-field elementor-size-md  elementor-field-textual\" placeholder=\"Email*\" required=\"required\">\n\t\t\t\t\t\t\t\t\t\t\t<\/div>\n\t\t\t\t\t\t\t\t<div class=\"elementor-field-type-text elementor-field-group elementor-column elementor-field-group-field_32ea82a elementor-col-50 elementor-field-required\">\n\t\t\t\t\t\t\t\t\t\t\t\t<label for=\"form-field-field_32ea82a\" class=\"elementor-field-label elementor-screen-only\">\n\t\t\t\t\t\t\t\tPuhelinnumero\t\t\t\t\t\t\t<\/label>\n\t\t\t\t\t\t\t\t\t\t\t\t\t\t<input size=\"1\" type=\"text\" name=\"form_fields[field_32ea82a]\" id=\"form-field-field_32ea82a\" class=\"elementor-field elementor-size-md  elementor-field-textual\" placeholder=\"Phone*\" required=\"required\">\n\t\t\t\t\t\t\t\t\t\t\t<\/div>\n\t\t\t\t\t\t\t\t<div class=\"elementor-field-type-text elementor-field-group elementor-column elementor-field-group-field_21ff31e elementor-col-50 elementor-field-required\">\n\t\t\t\t\t\t\t\t\t\t\t\t<label for=\"form-field-field_21ff31e\" class=\"elementor-field-label elementor-screen-only\">\n\t\t\t\t\t\t\t\tHenkil\u00f6m\u00e4\u00e4r\u00e4\t\t\t\t\t\t\t<\/label>\n\t\t\t\t\t\t\t\t\t\t\t\t\t\t<input size=\"1\" type=\"text\" name=\"form_fields[field_21ff31e]\" id=\"form-field-field_21ff31e\" class=\"elementor-field elementor-size-md  elementor-field-textual\" placeholder=\"Number of people*\" required=\"required\">\n\t\t\t\t\t\t\t\t\t\t\t<\/div>\n\t\t\t\t\t\t\t\t<div class=\"elementor-field-type-text elementor-field-group elementor-column elementor-field-group-field_5614a88 elementor-col-50 elementor-field-required\">\n\t\t\t\t\t\t\t\t\t\t\t\t<label for=\"form-field-field_5614a88\" class=\"elementor-field-label elementor-screen-only\">\n\t\t\t\t\t\t\t\tP\u00e4iv\u00e4m\u00e4\u00e4r\u00e4\t\t\t\t\t\t\t<\/label>\n\t\t\t\t\t\t\t\t\t\t\t\t\t\t<input size=\"1\" type=\"text\" name=\"form_fields[field_5614a88]\" id=\"form-field-field_5614a88\" class=\"elementor-field elementor-size-md  elementor-field-textual\" placeholder=\"Date*\" required=\"required\">\n\t\t\t\t\t\t\t\t\t\t\t<\/div>\n\t\t\t\t\t\t\t\t<div class=\"elementor-field-type-text elementor-field-group elementor-column elementor-field-group-field_0e0882f elementor-col-50 elementor-field-required\">\n\t\t\t\t\t\t\t\t\t\t\t\t<label for=\"form-field-field_0e0882f\" class=\"elementor-field-label elementor-screen-only\">\n\t\t\t\t\t\t\t\tKellonaika\t\t\t\t\t\t\t<\/label>\n\t\t\t\t\t\t\t\t\t\t\t\t\t\t<input size=\"1\" type=\"text\" name=\"form_fields[field_0e0882f]\" id=\"form-field-field_0e0882f\" class=\"elementor-field elementor-size-md  elementor-field-textual\" placeholder=\"Time*\" required=\"required\">\n\t\t\t\t\t\t\t\t\t\t\t<\/div>\n\t\t\t\t\t\t\t\t<div class=\"elementor-field-type-textarea elementor-field-group elementor-column elementor-field-group-message elementor-col-100\">\n\t\t\t\t\t\t\t\t\t\t\t\t<label for=\"form-field-message\" class=\"elementor-field-label elementor-screen-only\">\n\t\t\t\t\t\t\t\tLis\u00e4tiedot\t\t\t\t\t\t\t<\/label>\n\t\t\t\t\t\t<textarea class=\"elementor-field-textual elementor-field  elementor-size-md\" name=\"form_fields[message]\" id=\"form-field-message\" rows=\"7\" placeholder=\"Additional information\"><\/textarea>\t\t\t\t<\/div>\n\t\t\t\t\t\t\t\t<div class=\"elementor-field-type-recaptcha_v3 elementor-field-group elementor-column elementor-field-group-field_b9fb9f5 elementor-col-100 recaptcha_v3-bottomright\">\n\t\t\t\t\t<div class=\"elementor-field\" id=\"form-field-field_b9fb9f5\"><div class=\"elementor-g-recaptcha\" data-sitekey=\"6LcgsnUgAAAAALM7HLdevv9He5TFMRbLJKYraBc-\" data-type=\"v3\" data-action=\"Form\" data-badge=\"bottomright\" data-size=\"invisible\"><\/div><\/div>\t\t\t\t<\/div>\n\t\t\t\t\t\t\t\t<div class=\"elementor-field-group elementor-column elementor-field-type-submit elementor-col-100 e-form__buttons\">\n\t\t\t\t\t<button class=\"elementor-button elementor-size-md\" type=\"submit\">\n\t\t\t\t\t\t<span class=\"elementor-button-content-wrapper\">\n\t\t\t\t\t\t\t\t\t\t\t\t\t\t\t\t\t\t\t\t\t\t<span class=\"elementor-button-text\">Send<\/span>\n\t\t\t\t\t\t\t\t\t\t\t\t\t<\/span>\n\t\t\t\t\t<\/button>\n\t\t\t\t<\/div>\n\t\t\t<\/div>\n\t\t<\/form>\n\t\t\t\t\t\t<\/div>\n\t\t\t\t\t<\/div>\n\t\t<\/div>\n\t\t\t\t\t<\/div>\n\t\t<\/section>\n\t\t\t\t<\/div>\n\t\t","protected":false},"excerpt":{"rendered":"<p>Request offer Requests for offers for groups of at least 10 people<\/p>\n","protected":false},"author":1,"featured_media":2852,"parent":0,"menu_order":11,"comment_status":"closed","ping_status":"closed","template":"","meta":{"footnotes":""},"ravintola":[20],"class_list":{"0":"post-3038","1":"page","2":"type-page","3":"status-publish","4":"has-post-thumbnail","6":"ravintola-bbq-spirit"},"yoast_head":"<!-- This site is optimized with the Yoast SEO plugin v27.4 - https:\/\/yoast.com\/product\/yoast-seo-wordpress\/ -->\n<title>Group reservations &#8211; BBQ &amp; Spirit House Galle<\/title>\n<meta name=\"robots\" content=\"index, follow, max-snippet:-1, max-image-preview:large, max-video-preview:-1\" \/>\n<link rel=\"canonical\" href=\"https:\/\/bbqhousegalle.fi\/en\/group-reservations\/\" \/>\n<meta property=\"og:locale\" content=\"en_US\" \/>\n<meta property=\"og:type\" content=\"article\" \/>\n<meta property=\"og:title\" content=\"Group reservations &#8211; BBQ &amp; Spirit House Galle\" \/>\n<meta property=\"og:description\" content=\"Request offer Requests for offers for groups of at least 10 people\" \/>\n<meta property=\"og:url\" content=\"https:\/\/bbqhousegalle.fi\/en\/group-reservations\/\" \/>\n<meta property=\"og:site_name\" content=\"BBQ &amp; Spirit House Galle\" \/>\n<meta property=\"article:publisher\" content=\"https:\/\/www.facebook.com\/ravintolagalle\/\" \/>\n<meta property=\"article:modified_time\" content=\"2024-09-06T11:20:14+00:00\" \/>\n<meta property=\"og:image\" content=\"https:\/\/bbqhousegalle.fi\/wp-content\/uploads\/2022\/05\/BBQ-1.jpg\" \/>\n\t<meta property=\"og:image:width\" content=\"1841\" \/>\n\t<meta property=\"og:image:height\" content=\"1920\" \/>\n\t<meta property=\"og:image:type\" content=\"image\/jpeg\" \/>\n<meta name=\"twitter:card\" content=\"summary_large_image\" \/>\n<script type=\"application\/ld+json\" class=\"yoast-schema-graph\">{\"@context\":\"https:\\\/\\\/schema.org\",\"@graph\":[{\"@type\":\"WebPage\",\"@id\":\"https:\\\/\\\/bbqhousegalle.fi\\\/en\\\/group-reservations\\\/\",\"url\":\"https:\\\/\\\/bbqhousegalle.fi\\\/en\\\/group-reservations\\\/\",\"name\":\"Group reservations &#8211; BBQ &amp; Spirit House Galle\",\"isPartOf\":{\"@id\":\"https:\\\/\\\/bbqhousegalle.fi\\\/en\\\/#website\"},\"primaryImageOfPage\":{\"@id\":\"https:\\\/\\\/bbqhousegalle.fi\\\/en\\\/group-reservations\\\/#primaryimage\"},\"image\":{\"@id\":\"https:\\\/\\\/bbqhousegalle.fi\\\/en\\\/group-reservations\\\/#primaryimage\"},\"thumbnailUrl\":\"https:\\\/\\\/bbqhousegalle.fi\\\/wp-content\\\/uploads\\\/2022\\\/05\\\/BBQ-1.jpg\",\"datePublished\":\"2024-09-06T11:17:23+00:00\",\"dateModified\":\"2024-09-06T11:20:14+00:00\",\"breadcrumb\":{\"@id\":\"https:\\\/\\\/bbqhousegalle.fi\\\/en\\\/group-reservations\\\/#breadcrumb\"},\"inLanguage\":\"en-US\",\"potentialAction\":[{\"@type\":\"ReadAction\",\"target\":[\"https:\\\/\\\/bbqhousegalle.fi\\\/en\\\/group-reservations\\\/\"]}]},{\"@type\":\"ImageObject\",\"inLanguage\":\"en-US\",\"@id\":\"https:\\\/\\\/bbqhousegalle.fi\\\/en\\\/group-reservations\\\/#primaryimage\",\"url\":\"https:\\\/\\\/bbqhousegalle.fi\\\/wp-content\\\/uploads\\\/2022\\\/05\\\/BBQ-1.jpg\",\"contentUrl\":\"https:\\\/\\\/bbqhousegalle.fi\\\/wp-content\\\/uploads\\\/2022\\\/05\\\/BBQ-1.jpg\",\"width\":1841,\"height\":1920},{\"@type\":\"BreadcrumbList\",\"@id\":\"https:\\\/\\\/bbqhousegalle.fi\\\/en\\\/group-reservations\\\/#breadcrumb\",\"itemListElement\":[{\"@type\":\"ListItem\",\"position\":1,\"name\":\"Etusivu\",\"item\":\"https:\\\/\\\/bbqhousegalle.fi\\\/en\\\/\"},{\"@type\":\"ListItem\",\"position\":2,\"name\":\"Group reservations\"}]},{\"@type\":\"WebSite\",\"@id\":\"https:\\\/\\\/bbqhousegalle.fi\\\/en\\\/#website\",\"url\":\"https:\\\/\\\/bbqhousegalle.fi\\\/en\\\/\",\"name\":\"BBQ &amp; Spirit House Galle\",\"description\":\"No smoke without fire\",\"publisher\":{\"@id\":\"https:\\\/\\\/bbqhousegalle.fi\\\/en\\\/#organization\"},\"potentialAction\":[{\"@type\":\"SearchAction\",\"target\":{\"@type\":\"EntryPoint\",\"urlTemplate\":\"https:\\\/\\\/bbqhousegalle.fi\\\/en\\\/?s={search_term_string}\"},\"query-input\":{\"@type\":\"PropertyValueSpecification\",\"valueRequired\":true,\"valueName\":\"search_term_string\"}}],\"inLanguage\":\"en-US\"},{\"@type\":\"Organization\",\"@id\":\"https:\\\/\\\/bbqhousegalle.fi\\\/en\\\/#organization\",\"name\":\"Ravintola Galle\",\"url\":\"https:\\\/\\\/bbqhousegalle.fi\\\/en\\\/\",\"logo\":{\"@type\":\"ImageObject\",\"inLanguage\":\"en-US\",\"@id\":\"https:\\\/\\\/bbqhousegalle.fi\\\/en\\\/#\\\/schema\\\/logo\\\/image\\\/\",\"url\":\"https:\\\/\\\/bbqhousegalle.fi\\\/wp-content\\\/uploads\\\/2022\\\/05\\\/Galle-Purple.svg\",\"contentUrl\":\"https:\\\/\\\/bbqhousegalle.fi\\\/wp-content\\\/uploads\\\/2022\\\/05\\\/Galle-Purple.svg\",\"width\":205,\"height\":120,\"caption\":\"Ravintola Galle\"},\"image\":{\"@id\":\"https:\\\/\\\/bbqhousegalle.fi\\\/en\\\/#\\\/schema\\\/logo\\\/image\\\/\"},\"sameAs\":[\"https:\\\/\\\/www.facebook.com\\\/ravintolagalle\\\/\",\"https:\\\/\\\/www.instagram.com\\\/ravintolagalle\\\/\",\"https:\\\/\\\/www.facebook.com\\\/bbqspirithousegalle\\\/\",\"https:\\\/\\\/www.instagram.com\\\/bbqspirithousegalle\\\/\"]}]}<\/script>\n<!-- \/ Yoast SEO plugin. -->","yoast_head_json":{"title":"Group reservations &#8211; BBQ &amp; Spirit House Galle","robots":{"index":"index","follow":"follow","max-snippet":"max-snippet:-1","max-image-preview":"max-image-preview:large","max-video-preview":"max-video-preview:-1"},"canonical":"https:\/\/bbqhousegalle.fi\/en\/group-reservations\/","og_locale":"en_US","og_type":"article","og_title":"Group reservations &#8211; BBQ &amp; Spirit House Galle","og_description":"Request offer Requests for offers for groups of at least 10 people","og_url":"https:\/\/bbqhousegalle.fi\/en\/group-reservations\/","og_site_name":"BBQ &amp; Spirit House Galle","article_publisher":"https:\/\/www.facebook.com\/ravintolagalle\/","article_modified_time":"2024-09-06T11:20:14+00:00","og_image":[{"width":1841,"height":1920,"url":"https:\/\/bbqhousegalle.fi\/wp-content\/uploads\/2022\/05\/BBQ-1.jpg","type":"image\/jpeg"}],"twitter_card":"summary_large_image","schema":{"@context":"https:\/\/schema.org","@graph":[{"@type":"WebPage","@id":"https:\/\/bbqhousegalle.fi\/en\/group-reservations\/","url":"https:\/\/bbqhousegalle.fi\/en\/group-reservations\/","name":"Group reservations &#8211; BBQ &amp; Spirit House Galle","isPartOf":{"@id":"https:\/\/bbqhousegalle.fi\/en\/#website"},"primaryImageOfPage":{"@id":"https:\/\/bbqhousegalle.fi\/en\/group-reservations\/#primaryimage"},"image":{"@id":"https:\/\/bbqhousegalle.fi\/en\/group-reservations\/#primaryimage"},"thumbnailUrl":"https:\/\/bbqhousegalle.fi\/wp-content\/uploads\/2022\/05\/BBQ-1.jpg","datePublished":"2024-09-06T11:17:23+00:00","dateModified":"2024-09-06T11:20:14+00:00","breadcrumb":{"@id":"https:\/\/bbqhousegalle.fi\/en\/group-reservations\/#breadcrumb"},"inLanguage":"en-US","potentialAction":[{"@type":"ReadAction","target":["https:\/\/bbqhousegalle.fi\/en\/group-reservations\/"]}]},{"@type":"ImageObject","inLanguage":"en-US","@id":"https:\/\/bbqhousegalle.fi\/en\/group-reservations\/#primaryimage","url":"https:\/\/bbqhousegalle.fi\/wp-content\/uploads\/2022\/05\/BBQ-1.jpg","contentUrl":"https:\/\/bbqhousegalle.fi\/wp-content\/uploads\/2022\/05\/BBQ-1.jpg","width":1841,"height":1920},{"@type":"BreadcrumbList","@id":"https:\/\/bbqhousegalle.fi\/en\/group-reservations\/#breadcrumb","itemListElement":[{"@type":"ListItem","position":1,"name":"Etusivu","item":"https:\/\/bbqhousegalle.fi\/en\/"},{"@type":"ListItem","position":2,"name":"Group reservations"}]},{"@type":"WebSite","@id":"https:\/\/bbqhousegalle.fi\/en\/#website","url":"https:\/\/bbqhousegalle.fi\/en\/","name":"BBQ &amp; Spirit House Galle","description":"No smoke without fire","publisher":{"@id":"https:\/\/bbqhousegalle.fi\/en\/#organization"},"potentialAction":[{"@type":"SearchAction","target":{"@type":"EntryPoint","urlTemplate":"https:\/\/bbqhousegalle.fi\/en\/?s={search_term_string}"},"query-input":{"@type":"PropertyValueSpecification","valueRequired":true,"valueName":"search_term_string"}}],"inLanguage":"en-US"},{"@type":"Organization","@id":"https:\/\/bbqhousegalle.fi\/en\/#organization","name":"Ravintola Galle","url":"https:\/\/bbqhousegalle.fi\/en\/","logo":{"@type":"ImageObject","inLanguage":"en-US","@id":"https:\/\/bbqhousegalle.fi\/en\/#\/schema\/logo\/image\/","url":"https:\/\/bbqhousegalle.fi\/wp-content\/uploads\/2022\/05\/Galle-Purple.svg","contentUrl":"https:\/\/bbqhousegalle.fi\/wp-content\/uploads\/2022\/05\/Galle-Purple.svg","width":205,"height":120,"caption":"Ravintola Galle"},"image":{"@id":"https:\/\/bbqhousegalle.fi\/en\/#\/schema\/logo\/image\/"},"sameAs":["https:\/\/www.facebook.com\/ravintolagalle\/","https:\/\/www.instagram.com\/ravintolagalle\/","https:\/\/www.facebook.com\/bbqspirithousegalle\/","https:\/\/www.instagram.com\/bbqspirithousegalle\/"]}]}},"_links":{"self":[{"href":"https:\/\/bbqhousegalle.fi\/en\/wp-json\/wp\/v2\/pages\/3038","targetHints":{"allow":["GET"]}}],"collection":[{"href":"https:\/\/bbqhousegalle.fi\/en\/wp-json\/wp\/v2\/pages"}],"about":[{"href":"https:\/\/bbqhousegalle.fi\/en\/wp-json\/wp\/v2\/types\/page"}],"author":[{"embeddable":true,"href":"https:\/\/bbqhousegalle.fi\/en\/wp-json\/wp\/v2\/users\/1"}],"replies":[{"embeddable":true,"href":"https:\/\/bbqhousegalle.fi\/en\/wp-json\/wp\/v2\/comments?post=3038"}],"version-history":[{"count":1,"href":"https:\/\/bbqhousegalle.fi\/en\/wp-json\/wp\/v2\/pages\/3038\/revisions"}],"predecessor-version":[{"id":3039,"href":"https:\/\/bbqhousegalle.fi\/en\/wp-json\/wp\/v2\/pages\/3038\/revisions\/3039"}],"wp:featuredmedia":[{"embeddable":true,"href":"https:\/\/bbqhousegalle.fi\/en\/wp-json\/wp\/v2\/media\/2852"}],"wp:attachment":[{"href":"https:\/\/bbqhousegalle.fi\/en\/wp-json\/wp\/v2\/media?parent=3038"}],"wp:term":[{"taxonomy":"ravintola","embeddable":true,"href":"https:\/\/bbqhousegalle.fi\/en\/wp-json\/wp\/v2\/ravintola?post=3038"}],"curies":[{"name":"wp","href":"https:\/\/api.w.org\/{rel}","templated":true}]}}